{"id":132,"date":"2021-10-21T14:24:16","date_gmt":"2021-10-21T11:24:16","guid":{"rendered":"https:\/\/themelocker.tech\/dustra\/?page_id=132"},"modified":"2022-06-07T21:12:43","modified_gmt":"2022-06-07T18:12:43","slug":"iletisim","status":"publish","type":"page","link":"https:\/\/www.bmkalip.com.tr\/index.php\/iletisim\/","title":{"rendered":"\u0130leti\u015fim"},"content":{"rendered":"\t\t<div data-elementor-type=\"wp-page\" data-elementor-id=\"132\" class=\"elementor elementor-132\">\n\t\t\t\t\t\t\t\t\t<section class=\"elementor-section elementor-top-section elementor-element elementor-element-72b5b68 elementor-section-full_width elementor-section-stretched elementor-section-height-default elementor-section-height-default\" data-id=\"72b5b68\" data-element_type=\"section\" data-settings=\"{&quot;stretch_section&quot;:&quot;section-stretched&quot;}\">\n\t\t\t\t\t\t<div class=\"elementor-container elementor-column-gap-no\">\n\t\t\t\t\t<div class=\"elementor-column elementor-col-100 elementor-top-column elementor-element elementor-element-13fcaa2\" data-id=\"13fcaa2\" data-element_type=\"column\">\n\t\t\t<div class=\"elementor-widget-wrap\">\n\t\t\t\t\t\t\t\t\t<\/div>\n\t\t<\/div>\n\t\t\t\t\t\t\t<\/div>\n\t\t<\/section>\n\t\t\t\t<section class=\"elementor-section elementor-top-section elementor-element elementor-element-601305b elementor-section-full_width elementor-section-stretched elementor-section-height-default elementor-section-height-default\" data-id=\"601305b\" data-element_type=\"section\" data-settings=\"{&quot;stretch_section&quot;:&quot;section-stretched&quot;}\">\n\t\t\t\t\t\t<div class=\"elementor-container elementor-column-gap-no\">\n\t\t\t\t\t<div class=\"elementor-column elementor-col-100 elementor-top-column elementor-element elementor-element-4e83867\" data-id=\"4e83867\" data-element_type=\"column\">\n\t\t\t<div class=\"elementor-widget-wrap elementor-element-populated\">\n\t\t\t\t\t\t\t\t<div class=\"elementor-element elementor-element-3bc2612 elementor-widget elementor-widget-google_maps\" data-id=\"3bc2612\" data-element_type=\"widget\" data-widget_type=\"google_maps.default\">\n\t\t\t\t<div class=\"elementor-widget-container\">\n\t\t\t<style>\/*! elementor - v3.6.4 - 13-04-2022 *\/\n.elementor-widget-google_maps .elementor-widget-container{overflow:hidden}.elementor-widget-google_maps iframe{height:300px}<\/style>\t\t<div class=\"elementor-custom-embed\">\n\t\t\t<iframe frameborder=\"0\" scrolling=\"no\" marginheight=\"0\" marginwidth=\"0\"\n\t\t\t\t\tsrc=\"https:\/\/maps.google.com\/maps?q=Alt%C4%B1nova%20Mah.%202.%C3%87%C4%B1nar%20Sk.%20No%3A26A%2F1%20Osmangazi%2FBursa&#038;t=m&#038;z=18&#038;output=embed&#038;iwloc=near\"\n\t\t\t\t\ttitle=\"Alt\u0131nova Mah. 2.\u00c7\u0131nar Sk. No:26A\/1 Osmangazi\/Bursa\"\n\t\t\t\t\taria-label=\"Alt\u0131nova Mah. 2.\u00c7\u0131nar Sk. No:26A\/1 Osmangazi\/Bursa\"\n\t\t\t><\/iframe>\n\t\t<\/div>\n\t\t\t\t<\/div>\n\t\t\t\t<\/div>\n\t\t\t\t\t<\/div>\n\t\t<\/div>\n\t\t\t\t\t\t\t<\/div>\n\t\t<\/section>\n\t\t\t\t<section class=\"elementor-section elementor-top-section elementor-element elementor-element-690d732 elementor-section-boxed elementor-section-height-default elementor-section-height-default\" data-id=\"690d732\" data-element_type=\"section\">\n\t\t\t\t\t\t<div class=\"elementor-container elementor-column-gap-default\">\n\t\t\t\t\t<div class=\"elementor-column elementor-col-100 elementor-top-column elementor-element elementor-element-64f3851\" data-id=\"64f3851\" data-element_type=\"column\">\n\t\t\t<div class=\"elementor-widget-wrap elementor-element-populated\">\n\t\t\t\t\t\t\t\t<div class=\"elementor-element elementor-element-42a7944 elementor-widget elementor-widget-contact\" data-id=\"42a7944\" data-element_type=\"widget\" data-widget_type=\"contact.default\">\n\t\t\t\t<div class=\"elementor-widget-container\">\n\t\t\t\r\n    <div class=\"contact-area default-padding-top\">\r\n        <div class=\"container\">\r\n            <div class=\"contact-items\">\r\n                <div class=\"row\">\r\n                    \r\n                    <div class=\"col-lg-8 left-item\">\r\n                        <div class=\"content\">\r\n                            <h2>Bize Ula\u015fabilirsiniz<\/h2>\r\n                            <div role=\"form\" class=\"wpcf7\" id=\"wpcf7-f131-o1\" lang=\"en-US\" dir=\"ltr\">\n<div class=\"screen-reader-response\"><p role=\"status\" aria-live=\"polite\" aria-atomic=\"true\"><\/p> <ul><\/ul><\/div>\n<form action=\"\/index.php\/wp-json\/wp\/v2\/pages\/132#wpcf7-f131-o1\" method=\"post\" class=\"wpcf7-form init\" novalidate=\"novalidate\" data-status=\"init\">\n<div style=\"display: none;\">\n<input type=\"hidden\" name=\"_wpcf7\" value=\"131\" \/>\n<input type=\"hidden\" name=\"_wpcf7_version\" value=\"5.5.6\" \/>\n<input type=\"hidden\" name=\"_wpcf7_locale\" value=\"en_US\" \/>\n<input type=\"hidden\" name=\"_wpcf7_unit_tag\" value=\"wpcf7-f131-o1\" \/>\n<input type=\"hidden\" name=\"_wpcf7_container_post\" value=\"0\" \/>\n<input type=\"hidden\" name=\"_wpcf7_posted_data_hash\" value=\"\" \/>\n<\/div>\n<div class=\"row contact-form\">\n<div class=\"col-lg-12\">\n<div class=\"form-group\">\n                <span class=\"wpcf7-form-control-wrap text-727\"><input type=\"text\" name=\"text-727\" value=\"\" size=\"40\" class=\"wpcf7-form-control wpcf7-text form-control\" aria-invalid=\"false\" placeholder=\"\u0130sim - Soyisim\" \/><\/span>\n            <\/div>\n<\/div>\n<\/div>\n<div class=\"row\">\n<div class=\"col-lg-6\">\n<div class=\"form-group\">\n               <span class=\"wpcf7-form-control-wrap email-737\"><input type=\"email\" name=\"email-737\" value=\"\" size=\"40\" class=\"wpcf7-form-control wpcf7-text wpcf7-email wpcf7-validates-as-email form-control\" aria-invalid=\"false\" placeholder=\"E-Posta\" \/><\/span>\n            <\/div>\n<\/div>\n<div class=\"col-lg-6\">\n<div class=\"form-group\">\n                <span class=\"wpcf7-form-control-wrap text-727\"><input type=\"text\" name=\"text-727\" value=\"\" size=\"40\" class=\"wpcf7-form-control wpcf7-text form-control\" aria-invalid=\"false\" placeholder=\"Telefon\" \/><\/span><\/p>\n<\/div>\n<\/div>\n<\/div>\n<div class=\"row\">\n<div class=\"col-lg-12\">\n<div class=\"form-group comments\">\n                <span class=\"wpcf7-form-control-wrap textarea-291\"><textarea name=\"textarea-291\" cols=\"40\" rows=\"10\" class=\"wpcf7-form-control wpcf7-textarea form-control\" aria-invalid=\"false\" placeholder=\"Mesaj\u0131n\u0131z *\"><\/textarea><\/span>\n            <\/div>\n<\/div>\n<\/div>\n<div class=\"row\">\n<div class=\"col-lg-12\">\n            <button type=\"submit\" name=\"submit\" id=\"submit\">G\u00f6nder <i class=\"fa fa-paper-plane\"><\/i><\/button>\n        <\/div>\n<\/div>\n<div class=\"wpcf7-response-output\" aria-hidden=\"true\"><\/div><\/form><\/div>                        <\/div>\r\n                    <\/div>\r\n\r\n                    <div class=\"col-lg-4 right-item\">\r\n                    \t\t\r\n\t                        <!-- Single Item -->\r\n\t                        <div class=\"item\">\r\n\t                            <div class=\"icon\">\r\n\t                                \t\t                            \t\t                            \t\t                               <i aria-hidden=\"true\" class=\"fas fa-map-marker-alt\"><\/i>\t\t                            \t                            <\/div>\r\n\t                            <div class=\"info\">\r\n\t                                <h4>Adres<\/h4>\r\n\t                                <p>\r\n\t                                    <p>Alt\u0131nova Mah. 2.\u00c7\u0131nar Sk. No:26A\/1 Osmangazi \/ Bursa<\/p>\t                                <\/p>\r\n\t                            <\/div>\r\n\t                        <\/div>\r\n\t                        <!-- End Single Item -->\r\n                        \t\r\n\t                        <!-- Single Item -->\r\n\t                        <div class=\"item\">\r\n\t                            <div class=\"icon\">\r\n\t                                \t\t                            \t\t                            \t\t                               <i aria-hidden=\"true\" class=\"fas fa-phone-alt\"><\/i>\t\t                            \t                            <\/div>\r\n\t                            <div class=\"info\">\r\n\t                                <h4>Telefon<\/h4>\r\n\t                                <p>\r\n\t                                    <p><a href=\"tel:+1234567890\">+90 535 503 27 92<\/a><br \/><a href=\"tel:+1234567890\">+90 507 216 19 70<\/a><\/p>\t                                <\/p>\r\n\t                            <\/div>\r\n\t                        <\/div>\r\n\t                        <!-- End Single Item -->\r\n                        \t\r\n\t                        <!-- Single Item -->\r\n\t                        <div class=\"item\">\r\n\t                            <div class=\"icon\">\r\n\t                                \t\t                            \t\t                            \t\t                               <i aria-hidden=\"true\" class=\"fas fa-envelope\"><\/i>\t\t                            \t                            <\/div>\r\n\t                            <div class=\"info\">\r\n\t                                <h4>E - Posta<\/h4>\r\n\t                                <p>\r\n\t                                    <p>bmkaliphane@gmail.com<\/p><p>info@bmkalip.com.tr<\/p>\t                                <\/p>\r\n\t                            <\/div>\r\n\t                        <\/div>\r\n\t                        <!-- End Single Item -->\r\n                         \r\n                    <\/div>\r\n\r\n                <\/div>\r\n            <\/div>\r\n        <\/div>\r\n    <\/div>\r\n    <!-- End Contact -->\r\n\t\t\t<\/div>\n\t\t\t\t<\/div>\n\t\t\t\t\t<\/div>\n\t\t<\/div>\n\t\t\t\t\t\t\t<\/div>\n\t\t<\/section>\n\t\t\t\t<section class=\"elementor-section elementor-top-section elementor-element elementor-element-e74a4a4 elementor-section-boxed elementor-section-height-default elementor-section-height-default\" data-id=\"e74a4a4\" data-element_type=\"section\">\n\t\t\t\t\t\t<div class=\"elementor-container elementor-column-gap-default\">\n\t\t\t\t\t<div class=\"elementor-column elementor-col-100 elementor-top-column elementor-element elementor-element-1bbb3d6\" data-id=\"1bbb3d6\" data-element_type=\"column\">\n\t\t\t<div class=\"elementor-widget-wrap elementor-element-populated\">\n\t\t\t\t\t\t\t\t<div class=\"elementor-element elementor-element-218de5b elementor-widget elementor-widget-spacer\" data-id=\"218de5b\" data-element_type=\"widget\" data-widget_type=\"spacer.default\">\n\t\t\t\t<div class=\"elementor-widget-container\">\n\t\t\t<style>\/*! elementor - v3.6.4 - 13-04-2022 *\/\n.e-container.e-container--row .elementor-spacer-inner{width:var(--spacer-size)}.e-container.e-container--column .elementor-spacer-inner,.elementor-column .elementor-spacer-inner{height:var(--spacer-size)}<\/style>\t\t<div class=\"elementor-spacer\">\n\t\t\t<div class=\"elementor-spacer-inner\"><\/div>\n\t\t<\/div>\n\t\t\t\t<\/div>\n\t\t\t\t<\/div>\n\t\t\t\t\t<\/div>\n\t\t<\/div>\n\t\t\t\t\t\t\t<\/div>\n\t\t<\/section>\n\t\t\t\t\t\t\t<\/div>\n\t\t","protected":false},"excerpt":{"rendered":"<p>Bize Ula\u015fabilirsiniz G\u00f6nder Adres Alt\u0131nova Mah. 2.\u00c7\u0131nar Sk. No:26A\/1 Osmangazi \/ Bursa Telefon +90 535 503 27 92+90 507 216 19 70 E &#8211; Posta bmkaliphane@gmail.com info@bmkalip.com.tr<\/p>\n","protected":false},"author":1,"featured_media":0,"parent":0,"menu_order":0,"comment_status":"closed","ping_status":"closed","template":"page-template\/dustra-template.php","meta":{"footnotes":""},"class_list":["post-132","page","type-page","status-publish","hentry"],"_links":{"self":[{"href":"https:\/\/www.bmkalip.com.tr\/index.php\/wp-json\/wp\/v2\/pages\/132","targetHints":{"allow":["GET"]}}],"collection":[{"href":"https:\/\/www.bmkalip.com.tr\/index.php\/wp-json\/wp\/v2\/pages"}],"about":[{"href":"https:\/\/www.bmkalip.com.tr\/index.php\/wp-json\/wp\/v2\/types\/page"}],"author":[{"embeddable":true,"href":"https:\/\/www.bmkalip.com.tr\/index.php\/wp-json\/wp\/v2\/users\/1"}],"replies":[{"embeddable":true,"href":"https:\/\/www.bmkalip.com.tr\/index.php\/wp-json\/wp\/v2\/comments?post=132"}],"version-history":[{"count":43,"href":"https:\/\/www.bmkalip.com.tr\/index.php\/wp-json\/wp\/v2\/pages\/132\/revisions"}],"predecessor-version":[{"id":2122,"href":"https:\/\/www.bmkalip.com.tr\/index.php\/wp-json\/wp\/v2\/pages\/132\/revisions\/2122"}],"wp:attachment":[{"href":"https:\/\/www.bmkalip.com.tr\/index.php\/wp-json\/wp\/v2\/media?parent=132"}],"curies":[{"name":"wp","href":"https:\/\/api.w.org\/{rel}","templated":true}]}}