{"id":149,"date":"2021-10-21T14:36:36","date_gmt":"2021-10-21T11:36:36","guid":{"rendered":"https:\/\/themelocker.tech\/dustra\/?page_id=149"},"modified":"2022-05-19T18:45:22","modified_gmt":"2022-05-19T15:45:22","slug":"makine-parkuru","status":"publish","type":"page","link":"https:\/\/www.bmkalip.com.tr\/index.php\/makine-parkuru\/","title":{"rendered":"Makine Parkuru"},"content":{"rendered":"\t\t<div data-elementor-type=\"wp-page\" data-elementor-id=\"149\" class=\"elementor elementor-149\">\n\t\t\t\t\t\t\t\t\t<section class=\"elementor-section elementor-top-section elementor-element elementor-element-2f63098 elementor-section-full_width elementor-section-stretched elementor-section-height-default elementor-section-height-default\" data-id=\"2f63098\" data-element_type=\"section\" data-settings=\"{&quot;stretch_section&quot;:&quot;section-stretched&quot;,&quot;background_background&quot;:&quot;classic&quot;}\">\n\t\t\t\t\t\t<div class=\"elementor-container elementor-column-gap-no\">\n\t\t\t\t\t<div class=\"elementor-column elementor-col-100 elementor-top-column elementor-element elementor-element-515e371\" data-id=\"515e371\" data-element_type=\"column\">\n\t\t\t<div class=\"elementor-widget-wrap elementor-element-populated\">\n\t\t\t\t\t\t\t\t<div class=\"elementor-element elementor-element-8524b5f elementor-widget elementor-widget-teammember\" data-id=\"8524b5f\" data-element_type=\"widget\" data-widget_type=\"teammember.default\">\n\t\t\t\t<div class=\"elementor-widget-container\">\n\t\t\t\t\t<!-- Start Team Area \r\n\t    ============================================= -->\r\n\t    <div class=\"team-area\">\r\n\t        \r\n\t        \t        <div class=\"container\">\r\n\t        \t\t            <div class=\"team-items text-center\">\r\n\t                <div class=\"row\">\r\n\r\n\t                \t\t                    <!-- Single Item -->\r\n\t                    <div class=\"col-lg-4 col-md-6 single-item\">\r\n\t                        <div class=\"item\">\r\n\t                            <div class=\"thumb\">\r\n\t                            \t\t\t\t                            <div class=\"thumb\">\r\n\t\t\t\t\t\t\t\t\t\t\t<img loading=\"lazy\" decoding=\"async\" width=\"600\" height=\"700\" src=\"https:\/\/www.bmkalip.com.tr\/wp-content\/uploads\/2021\/10\/Untitled-1.jpg\" class=\"attachment-post-thumbnail size-post-thumbnail wp-post-image\" alt=\"\" srcset=\"https:\/\/www.bmkalip.com.tr\/wp-content\/uploads\/2021\/10\/Untitled-1.jpg 600w, https:\/\/www.bmkalip.com.tr\/wp-content\/uploads\/2021\/10\/Untitled-1-257x300.jpg 257w\" sizes=\"auto, (max-width: 600px) 100vw, 600px\" \/>\t\t\t                            <\/div>\r\n\t\t                            \t                                <div class=\"info\">\r\n\t                                    <a href=\"https:\/\/www.bmkalip.com.tr\/index.php\/dustra-team\/ecom-vl-12i\/\"><h4>Cnc Dik \u0130\u015flem Merkezi &#8211; ECOM VL-12i<\/h4><\/a>\r\n\t                                    <span><\/span>\r\n\t                                <\/div>\r\n\t                                <div class=\"overlay text-light\">\r\n\t                                    <a href=\"https:\/\/www.bmkalip.com.tr\/index.php\/dustra-team\/ecom-vl-12i\/\"><h4>Cnc Dik \u0130\u015flem Merkezi &#8211; ECOM VL-12i<\/h4><\/a>\r\n\t\t                                <p><\/p>\r\n\t                                    <ul>\t\t                                    <li class=\"facebook\">\r\n\t\t                                        <a href=\"http:\/\/www.facebook.com\"><i class=\"fab fa-facebook-f\"><\/i><\/a>\r\n\t\t                                    <\/li>\r\n\t\t                                    <li class=\"twitter\">\r\n\t\t                                        <a href=\"http:\/\/www.twitter.com\"><i class=\"fab fa-twitter\"><\/i><\/a>\r\n\t\t                                    <\/li>\r\n\t\t                                    <li class=\"youtube\">\r\n\t\t                                        <a href=\"http:\/\/www.youtube.com\"><i class=\"fab fa-youtube\"><\/i><\/a>\r\n\t\t                                    <\/li>\r\n\t\t                                <\/ul>\r\n\t                                <\/div>\r\n\t                            <\/div>\r\n\t                        <\/div>\r\n\t                    <\/div>\r\n\t                    <!-- End Single Item -->\r\n\t                    \t                    <!-- Single Item -->\r\n\t                    <div class=\"col-lg-4 col-md-6 single-item\">\r\n\t                        <div class=\"item\">\r\n\t                            <div class=\"thumb\">\r\n\t                            \t\t\t\t                            <div class=\"thumb\">\r\n\t\t\t\t\t\t\t\t\t\t\t<img loading=\"lazy\" decoding=\"async\" width=\"600\" height=\"700\" src=\"https:\/\/www.bmkalip.com.tr\/wp-content\/uploads\/2021\/10\/C-_Users_Ahmet_Desktop_Untitled-1.jpg\" class=\"attachment-post-thumbnail size-post-thumbnail wp-post-image\" alt=\"\" srcset=\"https:\/\/www.bmkalip.com.tr\/wp-content\/uploads\/2021\/10\/C-_Users_Ahmet_Desktop_Untitled-1.jpg 600w, https:\/\/www.bmkalip.com.tr\/wp-content\/uploads\/2021\/10\/C-_Users_Ahmet_Desktop_Untitled-1-257x300.jpg 257w\" sizes=\"auto, (max-width: 600px) 100vw, 600px\" \/>\t\t\t                            <\/div>\r\n\t\t                            \t                                <div class=\"info\">\r\n\t                                    <a href=\"https:\/\/www.bmkalip.com.tr\/index.php\/dustra-team\/leadwel-v-40il\/\"><h4>Dik \u0130\u015flem Merkezi &#8211; LEADWEL V-40iL<\/h4><\/a>\r\n\t                                    <span><\/span>\r\n\t                                <\/div>\r\n\t                                <div class=\"overlay text-light\">\r\n\t                                    <a href=\"https:\/\/www.bmkalip.com.tr\/index.php\/dustra-team\/leadwel-v-40il\/\"><h4>Dik \u0130\u015flem Merkezi &#8211; LEADWEL V-40iL<\/h4><\/a>\r\n\t\t                                <p><\/p>\r\n\t                                    <ul>\t\t                                    <li class=\"facebook\">\r\n\t\t                                        <a href=\"http:\/\/www.facebook.com\"><i class=\"fab fa-facebook-f\"><\/i><\/a>\r\n\t\t                                    <\/li>\r\n\t\t                                    <li class=\"twitter\">\r\n\t\t                                        <a href=\"http:\/\/www.twitter.com\"><i class=\"fab fa-twitter\"><\/i><\/a>\r\n\t\t                                    <\/li>\r\n\t\t                                    <li class=\"youtube\">\r\n\t\t                                        <a href=\"http:\/\/www.youtube.com\"><i class=\"fab fa-youtube\"><\/i><\/a>\r\n\t\t                                    <\/li>\r\n\t\t                                <\/ul>\r\n\t                                <\/div>\r\n\t                            <\/div>\r\n\t                        <\/div>\r\n\t                    <\/div>\r\n\t                    <!-- End Single Item -->\r\n\t                    \t                    <!-- Single Item -->\r\n\t                    <div class=\"col-lg-4 col-md-6 single-item\">\r\n\t                        <div class=\"item\">\r\n\t                            <div class=\"thumb\">\r\n\t                            \t\t\t\t                            <div class=\"thumb\">\r\n\t\t\t\t\t\t\t\t\t\t\t<img loading=\"lazy\" decoding=\"async\" width=\"600\" height=\"700\" src=\"https:\/\/www.bmkalip.com.tr\/wp-content\/uploads\/2021\/10\/elar-erozyon-1.jpg\" class=\"attachment-post-thumbnail size-post-thumbnail wp-post-image\" alt=\"\" srcset=\"https:\/\/www.bmkalip.com.tr\/wp-content\/uploads\/2021\/10\/elar-erozyon-1.jpg 600w, https:\/\/www.bmkalip.com.tr\/wp-content\/uploads\/2021\/10\/elar-erozyon-1-257x300.jpg 257w\" sizes=\"auto, (max-width: 600px) 100vw, 600px\" \/>\t\t\t                            <\/div>\r\n\t\t                            \t                                <div class=\"info\">\r\n\t                                    <a href=\"https:\/\/www.bmkalip.com.tr\/index.php\/dustra-team\/elar-excellent-pnc-540\/\"><h4>Dalma Erozyon &#8211; ELAR EXCELLENT PNC 540<\/h4><\/a>\r\n\t                                    <span><\/span>\r\n\t                                <\/div>\r\n\t                                <div class=\"overlay text-light\">\r\n\t                                    <a href=\"https:\/\/www.bmkalip.com.tr\/index.php\/dustra-team\/elar-excellent-pnc-540\/\"><h4>Dalma Erozyon &#8211; ELAR EXCELLENT PNC 540<\/h4><\/a>\r\n\t\t                                <p><\/p>\r\n\t                                    <ul>\t\t                                    <li class=\"facebook\">\r\n\t\t                                        <a href=\"http:\/\/www.facebook.com\"><i class=\"fab fa-facebook-f\"><\/i><\/a>\r\n\t\t                                    <\/li>\r\n\t\t                                    <li class=\"twitter\">\r\n\t\t                                        <a href=\"http:\/\/www.twitter.com\"><i class=\"fab fa-twitter\"><\/i><\/a>\r\n\t\t                                    <\/li>\r\n\t\t                                    <li class=\"youtube\">\r\n\t\t                                        <a href=\"http:\/\/www.youtube.com\"><i class=\"fab fa-youtube\"><\/i><\/a>\r\n\t\t                                    <\/li>\r\n\t\t                                <\/ul>\r\n\t                                <\/div>\r\n\t                            <\/div>\r\n\t                        <\/div>\r\n\t                    <\/div>\r\n\t                    <!-- End Single Item -->\r\n\t                    \t                    <!-- Single Item -->\r\n\t                    <div class=\"col-lg-4 col-md-6 single-item\">\r\n\t                        <div class=\"item\">\r\n\t                            <div class=\"thumb\">\r\n\t                            \t\t\t\t                            <div class=\"thumb\">\r\n\t\t\t\t\t\t\t\t\t\t\t<img loading=\"lazy\" decoding=\"async\" width=\"600\" height=\"700\" src=\"https:\/\/www.bmkalip.com.tr\/wp-content\/uploads\/2021\/11\/Untitled-1.jpg\" class=\"attachment-post-thumbnail size-post-thumbnail wp-post-image\" alt=\"\" srcset=\"https:\/\/www.bmkalip.com.tr\/wp-content\/uploads\/2021\/11\/Untitled-1.jpg 600w, https:\/\/www.bmkalip.com.tr\/wp-content\/uploads\/2021\/11\/Untitled-1-257x300.jpg 257w\" sizes=\"auto, (max-width: 600px) 100vw, 600px\" \/>\t\t\t                            <\/div>\r\n\t\t                            \t                                <div class=\"info\">\r\n\t                                    <a href=\"https:\/\/www.bmkalip.com.tr\/index.php\/dustra-team\/taslama-tezgahi\/\"><h4>Universal Sat\u0131h Ta\u015flama Tezgah\u0131 &#8211; SUPERTEC STP-2040<\/h4><\/a>\r\n\t                                    <span><\/span>\r\n\t                                <\/div>\r\n\t                                <div class=\"overlay text-light\">\r\n\t                                    <a href=\"https:\/\/www.bmkalip.com.tr\/index.php\/dustra-team\/taslama-tezgahi\/\"><h4>Universal Sat\u0131h Ta\u015flama Tezgah\u0131 &#8211; SUPERTEC STP-2040<\/h4><\/a>\r\n\t\t                                <p><\/p>\r\n\t                                    <ul>\t\t                                    <li class=\"facebook\">\r\n\t\t                                        <a href=\"http:\/\/www.facebook.com\"><i class=\"fab fa-facebook-f\"><\/i><\/a>\r\n\t\t                                    <\/li>\r\n\t\t                                    <li class=\"twitter\">\r\n\t\t                                        <a href=\"http:\/\/www.twitter.com\"><i class=\"fab fa-twitter\"><\/i><\/a>\r\n\t\t                                    <\/li>\r\n\t\t                                    <li class=\"youtube\">\r\n\t\t                                        <a href=\"http:\/\/www.youtube.com\"><i class=\"fab fa-youtube\"><\/i><\/a>\r\n\t\t                                    <\/li>\r\n\t\t                                <\/ul>\r\n\t                                <\/div>\r\n\t                            <\/div>\r\n\t                        <\/div>\r\n\t                    <\/div>\r\n\t                    <!-- End Single Item -->\r\n\t                    \t                    <!-- Single Item -->\r\n\t                    <div class=\"col-lg-4 col-md-6 single-item\">\r\n\t                        <div class=\"item\">\r\n\t                            <div class=\"thumb\">\r\n\t                            \t\t\t\t                            <div class=\"thumb\">\r\n\t\t\t\t\t\t\t\t\t\t\t<img loading=\"lazy\" decoding=\"async\" width=\"600\" height=\"700\" src=\"https:\/\/www.bmkalip.com.tr\/wp-content\/uploads\/2021\/11\/1071-save.jpg\" class=\"attachment-post-thumbnail size-post-thumbnail wp-post-image\" alt=\"\" srcset=\"https:\/\/www.bmkalip.com.tr\/wp-content\/uploads\/2021\/11\/1071-save.jpg 600w, https:\/\/www.bmkalip.com.tr\/wp-content\/uploads\/2021\/11\/1071-save-257x300.jpg 257w\" sizes=\"auto, (max-width: 600px) 100vw, 600px\" \/>\t\t\t                            <\/div>\r\n\t\t                            \t                                <div class=\"info\">\r\n\t                                    <a href=\"https:\/\/www.bmkalip.com.tr\/index.php\/dustra-team\/kalip-freze\/\"><h4>Taiwan &#8211; Kal\u0131p\u00e7\u0131 Universal Freze<\/h4><\/a>\r\n\t                                    <span><\/span>\r\n\t                                <\/div>\r\n\t                                <div class=\"overlay text-light\">\r\n\t                                    <a href=\"https:\/\/www.bmkalip.com.tr\/index.php\/dustra-team\/kalip-freze\/\"><h4>Taiwan &#8211; Kal\u0131p\u00e7\u0131 Universal Freze<\/h4><\/a>\r\n\t\t                                <p><\/p>\r\n\t                                    <ul>\t\t                                    <li class=\"facebook\">\r\n\t\t                                        <a href=\"http:\/\/www.facebook.com\"><i class=\"fab fa-facebook-f\"><\/i><\/a>\r\n\t\t                                    <\/li>\r\n\t\t                                    <li class=\"twitter\">\r\n\t\t                                        <a href=\"http:\/\/www.twitter.com\"><i class=\"fab fa-twitter\"><\/i><\/a>\r\n\t\t                                    <\/li>\r\n\t\t                                    <li class=\"youtube\">\r\n\t\t                                        <a href=\"http:\/\/www.youtube.com\"><i class=\"fab fa-youtube\"><\/i><\/a>\r\n\t\t                                    <\/li>\r\n\t\t                                <\/ul>\r\n\t                                <\/div>\r\n\t                            <\/div>\r\n\t                        <\/div>\r\n\t                    <\/div>\r\n\t                    <!-- End Single Item -->\r\n\t                    \t                    <!-- Single Item -->\r\n\t                    <div class=\"col-lg-4 col-md-6 single-item\">\r\n\t                        <div class=\"item\">\r\n\t                            <div class=\"thumb\">\r\n\t                            \t\t\t\t                            <div class=\"thumb\">\r\n\t\t\t\t\t\t\t\t\t\t\t<img loading=\"lazy\" decoding=\"async\" width=\"600\" height=\"700\" src=\"https:\/\/www.bmkalip.com.tr\/wp-content\/uploads\/2021\/11\/Untitled-1-pres.jpg\" class=\"attachment-post-thumbnail size-post-thumbnail wp-post-image\" alt=\"\" srcset=\"https:\/\/www.bmkalip.com.tr\/wp-content\/uploads\/2021\/11\/Untitled-1-pres.jpg 600w, https:\/\/www.bmkalip.com.tr\/wp-content\/uploads\/2021\/11\/Untitled-1-pres-257x300.jpg 257w\" sizes=\"auto, (max-width: 600px) 100vw, 600px\" \/>\t\t\t                            <\/div>\r\n\t\t                            \t                                <div class=\"info\">\r\n\t                                    <a href=\"https:\/\/www.bmkalip.com.tr\/index.php\/dustra-team\/eksantrik-pres\/\"><h4>130 Ton &#8211;  Eksantrik Pres<\/h4><\/a>\r\n\t                                    <span><\/span>\r\n\t                                <\/div>\r\n\t                                <div class=\"overlay text-light\">\r\n\t                                    <a href=\"https:\/\/www.bmkalip.com.tr\/index.php\/dustra-team\/eksantrik-pres\/\"><h4>130 Ton &#8211;  Eksantrik Pres<\/h4><\/a>\r\n\t\t                                <p><\/p>\r\n\t                                    <ul>\t\t                                    <li class=\"facebook\">\r\n\t\t                                        <a href=\"http:\/\/www.facebook.com\"><i class=\"fab fa-facebook-f\"><\/i><\/a>\r\n\t\t                                    <\/li>\r\n\t\t                                    <li class=\"twitter\">\r\n\t\t                                        <a href=\"http:\/\/www.twitter.com\"><i class=\"fab fa-twitter\"><\/i><\/a>\r\n\t\t                                    <\/li>\r\n\t\t                                    <li class=\"youtube\">\r\n\t\t                                        <a href=\"http:\/\/www.youtube.com\"><i class=\"fab fa-youtube\"><\/i><\/a>\r\n\t\t                                    <\/li>\r\n\t\t                                <\/ul>\r\n\t                                <\/div>\r\n\t                            <\/div>\r\n\t                        <\/div>\r\n\t                    <\/div>\r\n\t                    <!-- End Single Item -->\r\n\t                     \r\n\t                <\/div>\r\n\t            <\/div>\r\n\t        <\/div>\r\n\t    <\/div>\r\n\t    <!-- End Team Area -->\r\n\r\n\t    \t\t<\/div>\n\t\t\t\t<\/div>\n\t\t\t\t\t<\/div>\n\t\t<\/div>\n\t\t\t\t\t\t\t<\/div>\n\t\t<\/section>\n\t\t\t\t\t\t\t<\/div>\n\t\t","protected":false},"excerpt":{"rendered":"<p>Cnc Dik \u0130\u015flem Merkezi \u2013 ECOM VL-12i Cnc Dik \u0130\u015flem Merkezi \u2013 ECOM VL-12i Dik \u0130\u015flem Merkezi \u2013 LEADWEL V-40iL Architect Dik \u0130\u015flem Merkezi \u2013 LEADWEL V-40iL Dalma Erozyon \u2013 ELAR EXCELLENT PNC 540 Dalma Erozyon \u2013 ELAR EXCELLENT PNC 540 Universal Sat\u0131h Ta\u015flama Tezgah\u0131 \u2013 SUPERTEC STP-2040 Universal Sat\u0131h Ta\u015flama Tezgah\u0131 \u2013 SUPERTEC STP-2040 [&hellip;]<\/p>\n","protected":false},"author":1,"featured_media":0,"parent":0,"menu_order":0,"comment_status":"closed","ping_status":"closed","template":"page-template\/dustra-template.php","meta":{"footnotes":""},"class_list":["post-149","page","type-page","status-publish","hentry"],"_links":{"self":[{"href":"https:\/\/www.bmkalip.com.tr\/index.php\/wp-json\/wp\/v2\/pages\/149","targetHints":{"allow":["GET"]}}],"collection":[{"href":"https:\/\/www.bmkalip.com.tr\/index.php\/wp-json\/wp\/v2\/pages"}],"about":[{"href":"https:\/\/www.bmkalip.com.tr\/index.php\/wp-json\/wp\/v2\/types\/page"}],"author":[{"embeddable":true,"href":"https:\/\/www.bmkalip.com.tr\/index.php\/wp-json\/wp\/v2\/users\/1"}],"replies":[{"embeddable":true,"href":"https:\/\/www.bmkalip.com.tr\/index.php\/wp-json\/wp\/v2\/comments?post=149"}],"version-history":[{"count":8,"href":"https:\/\/www.bmkalip.com.tr\/index.php\/wp-json\/wp\/v2\/pages\/149\/revisions"}],"predecessor-version":[{"id":1911,"href":"https:\/\/www.bmkalip.com.tr\/index.php\/wp-json\/wp\/v2\/pages\/149\/revisions\/1911"}],"wp:attachment":[{"href":"https:\/\/www.bmkalip.com.tr\/index.php\/wp-json\/wp\/v2\/media?parent=149"}],"curies":[{"name":"wp","href":"https:\/\/api.w.org\/{rel}","templated":true}]}}